{"id":24,"date":"2022-09-24T12:31:40","date_gmt":"2022-09-24T12:31:40","guid":{"rendered":"https:\/\/ifipaiai.org\/wg125\/?page_id=24"},"modified":"2022-10-17T18:58:11","modified_gmt":"2022-10-17T18:58:11","slug":"past-events","status":"publish","type":"page","link":"https:\/\/ifipaiai.org\/wg125\/past-events\/","title":{"rendered":"Past Events"},"content":{"rendered":"\t\t<div data-elementor-type=\"wp-page\" data-elementor-id=\"24\" class=\"elementor elementor-24\">\n\t\t\t\t\t\t<section class=\"elementor-section elementor-top-section elementor-element elementor-element-ecd7380 elementor-section-boxed elementor-section-height-default elementor-section-height-default\" data-id=\"ecd7380\" data-element_type=\"section\">\n\t\t\t\t\t\t<div class=\"elementor-container elementor-column-gap-default\">\n\t\t\t\t\t<div class=\"elementor-column elementor-col-100 elementor-top-column elementor-element elementor-element-8982dee\" data-id=\"8982dee\" data-element_type=\"column\">\n\t\t\t<div class=\"elementor-widget-wrap elementor-element-populated\">\n\t\t\t\t\t\t\t<\/div>\n\t\t<\/div>\n\t\t\t\t\t<\/div>\n\t\t<\/section>\n\t\t\t\t<section class=\"elementor-section elementor-top-section elementor-element elementor-element-1ddc467 elementor-section-boxed elementor-section-height-default elementor-section-height-default\" data-id=\"1ddc467\" data-element_type=\"section\">\n\t\t\t\t\t\t<div class=\"elementor-container elementor-column-gap-default\">\n\t\t\t\t\t<div class=\"elementor-column elementor-col-100 elementor-top-column elementor-element elementor-element-b1281fe\" data-id=\"b1281fe\" data-element_type=\"column\">\n\t\t\t<div class=\"elementor-widget-wrap elementor-element-populated\">\n\t\t\t\t\t\t<div class=\"elementor-element elementor-element-da4fb40 elementor-widget elementor-widget-heading\" data-id=\"da4fb40\" data-element_type=\"widget\" data-widget_type=\"heading.default\">\n\t\t\t\t<div class=\"elementor-widget-container\">\n\t\t\t<style>\/*! elementor - v3.20.0 - 13-03-2024 *\/\n.elementor-heading-title{padding:0;margin:0;line-height:1}.elementor-widget-heading .elementor-heading-title[class*=elementor-size-]>a{color:inherit;font-size:inherit;line-height:inherit}.elementor-widget-heading .elementor-heading-title.elementor-size-small{font-size:15px}.elementor-widget-heading .elementor-heading-title.elementor-size-medium{font-size:19px}.elementor-widget-heading .elementor-heading-title.elementor-size-large{font-size:29px}.elementor-widget-heading .elementor-heading-title.elementor-size-xl{font-size:39px}.elementor-widget-heading .elementor-heading-title.elementor-size-xxl{font-size:59px}<\/style><h2 class=\"elementor-heading-title elementor-size-default\">Past Events<\/h2>\t\t<\/div>\n\t\t\t\t<\/div>\n\t\t\t\t\t<\/div>\n\t\t<\/div>\n\t\t\t\t\t<\/div>\n\t\t<\/section>\n\t\t\t\t<section class=\"elementor-section elementor-top-section elementor-element elementor-element-25309c5 elementor-section-boxed elementor-section-height-default elementor-section-height-default\" data-id=\"25309c5\" data-element_type=\"section\">\n\t\t\t\t\t\t<div class=\"elementor-container elementor-column-gap-default\">\n\t\t\t\t\t<div class=\"elementor-column elementor-col-100 elementor-top-column elementor-element elementor-element-70db49e\" data-id=\"70db49e\" data-element_type=\"column\">\n\t\t\t<div class=\"elementor-widget-wrap elementor-element-populated\">\n\t\t\t\t\t\t<div class=\"elementor-element elementor-element-daa9e51 elementor-widget-divider--view-line elementor-widget elementor-widget-divider\" data-id=\"daa9e51\" data-element_type=\"widget\" data-widget_type=\"divider.default\">\n\t\t\t\t<div class=\"elementor-widget-container\">\n\t\t\t<style>\/*! elementor - v3.20.0 - 13-03-2024 *\/\n.elementor-widget-divider{--divider-border-style:none;--divider-border-width:1px;--divider-color:#0c0d0e;--divider-icon-size:20px;--divider-element-spacing:10px;--divider-pattern-height:24px;--divider-pattern-size:20px;--divider-pattern-url:none;--divider-pattern-repeat:repeat-x}.elementor-widget-divider .elementor-divider{display:flex}.elementor-widget-divider .elementor-divider__text{font-size:15px;line-height:1;max-width:95%}.elementor-widget-divider .elementor-divider__element{margin:0 var(--divider-element-spacing);flex-shrink:0}.elementor-widget-divider .elementor-icon{font-size:var(--divider-icon-size)}.elementor-widget-divider .elementor-divider-separator{display:flex;margin:0;direction:ltr}.elementor-widget-divider--view-line_icon .elementor-divider-separator,.elementor-widget-divider--view-line_text .elementor-divider-separator{align-items:center}.elementor-widget-divider--view-line_icon .elementor-divider-separator:after,.elementor-widget-divider--view-line_icon .elementor-divider-separator:before,.elementor-widget-divider--view-line_text .elementor-divider-separator:after,.elementor-widget-divider--view-line_text .elementor-divider-separator:before{display:block;content:\"\";border-block-end:0;flex-grow:1;border-block-start:var(--divider-border-width) var(--divider-border-style) var(--divider-color)}.elementor-widget-divider--element-align-left .elementor-divider .elementor-divider-separator>.elementor-divider__svg:first-of-type{flex-grow:0;flex-shrink:100}.elementor-widget-divider--element-align-left .elementor-divider-separator:before{content:none}.elementor-widget-divider--element-align-left .elementor-divider__element{margin-left:0}.elementor-widget-divider--element-align-right .elementor-divider .elementor-divider-separator>.elementor-divider__svg:last-of-type{flex-grow:0;flex-shrink:100}.elementor-widget-divider--element-align-right .elementor-divider-separator:after{content:none}.elementor-widget-divider--element-align-right .elementor-divider__element{margin-right:0}.elementor-widget-divider--element-align-start .elementor-divider .elementor-divider-separator>.elementor-divider__svg:first-of-type{flex-grow:0;flex-shrink:100}.elementor-widget-divider--element-align-start .elementor-divider-separator:before{content:none}.elementor-widget-divider--element-align-start .elementor-divider__element{margin-inline-start:0}.elementor-widget-divider--element-align-end .elementor-divider .elementor-divider-separator>.elementor-divider__svg:last-of-type{flex-grow:0;flex-shrink:100}.elementor-widget-divider--element-align-end .elementor-divider-separator:after{content:none}.elementor-widget-divider--element-align-end .elementor-divider__element{margin-inline-end:0}.elementor-widget-divider:not(.elementor-widget-divider--view-line_text):not(.elementor-widget-divider--view-line_icon) .elementor-divider-separator{border-block-start:var(--divider-border-width) var(--divider-border-style) var(--divider-color)}.elementor-widget-divider--separator-type-pattern{--divider-border-style:none}.elementor-widget-divider--separator-type-pattern.elementor-widget-divider--view-line .elementor-divider-separator,.elementor-widget-divider--separator-type-pattern:not(.elementor-widget-divider--view-line) .elementor-divider-separator:after,.elementor-widget-divider--separator-type-pattern:not(.elementor-widget-divider--view-line) .elementor-divider-separator:before,.elementor-widget-divider--separator-type-pattern:not([class*=elementor-widget-divider--view]) .elementor-divider-separator{width:100%;min-height:var(--divider-pattern-height);-webkit-mask-size:var(--divider-pattern-size) 100%;mask-size:var(--divider-pattern-size) 100%;-webkit-mask-repeat:var(--divider-pattern-repeat);mask-repeat:var(--divider-pattern-repeat);background-color:var(--divider-color);-webkit-mask-image:var(--divider-pattern-url);mask-image:var(--divider-pattern-url)}.elementor-widget-divider--no-spacing{--divider-pattern-size:auto}.elementor-widget-divider--bg-round{--divider-pattern-repeat:round}.rtl .elementor-widget-divider .elementor-divider__text{direction:rtl}.e-con-inner>.elementor-widget-divider,.e-con>.elementor-widget-divider{width:var(--container-widget-width,100%);--flex-grow:var(--container-widget-flex-grow)}<\/style>\t\t<div class=\"elementor-divider\">\n\t\t\t<span class=\"elementor-divider-separator\">\n\t\t\t\t\t\t<\/span>\n\t\t<\/div>\n\t\t\t\t<\/div>\n\t\t\t\t<\/div>\n\t\t\t\t\t<\/div>\n\t\t<\/div>\n\t\t\t\t\t<\/div>\n\t\t<\/section>\n\t\t\t\t<section class=\"elementor-section elementor-top-section elementor-element elementor-element-f90983a elementor-section-boxed elementor-section-height-default elementor-section-height-default\" data-id=\"f90983a\" data-element_type=\"section\">\n\t\t\t\t\t\t<div class=\"elementor-container elementor-column-gap-default\">\n\t\t\t\t\t<div class=\"elementor-column elementor-col-100 elementor-top-column elementor-element elementor-element-095f282\" data-id=\"095f282\" data-element_type=\"column\">\n\t\t\t<div class=\"elementor-widget-wrap elementor-element-populated\">\n\t\t\t\t\t\t<div class=\"elementor-element elementor-element-ec286d4 elementor-widget elementor-widget-text-editor\" data-id=\"ec286d4\" data-element_type=\"widget\" data-widget_type=\"text-editor.default\">\n\t\t\t\t<div class=\"elementor-widget-container\">\n\t\t\t<style>\/*! elementor - v3.20.0 - 13-03-2024 *\/\n.elementor-widget-text-editor.elementor-drop-cap-view-stacked .elementor-drop-cap{background-color:#69727d;color:#fff}.elementor-widget-text-editor.elementor-drop-cap-view-framed .elementor-drop-cap{color:#69727d;border:3px solid;background-color:transparent}.elementor-widget-text-editor:not(.elementor-drop-cap-view-default) .elementor-drop-cap{margin-top:8px}.elementor-widget-text-editor:not(.elementor-drop-cap-view-default) .elementor-drop-cap-letter{width:1em;height:1em}.elementor-widget-text-editor .elementor-drop-cap{float:left;text-align:center;line-height:1;font-size:50px}.elementor-widget-text-editor .elementor-drop-cap-letter{display:inline-block}<\/style>\t\t\t\t<dl class=\"NoticeRes\"><dd class=\"ValeurRes coll_IFIP\"><\/dd><\/dl><p><strong style=\"font-size: 28px\">2022<\/strong><\/p><hr \/><ul><li>\u201c<a href=\"https:\/\/ifipaiai.org\/2022\/\">18th IFIP WG 12.5 International Conference, AIAI 2022<\/a>\u201d Hersonissos, Crete, Greece, June 17\u201320, 2022<\/li><li>\u201c<a href=\"https:\/\/ifipaiai.org\/2022\/workshops\/\">AIAI 2022 IFIP WG 12.5 International Workshops MHDW 2022, 5G-PINE 2022, AIBMG 2022, ML@HC 2022, and AIBEI 2022<\/a>\u201d Hersonissos, Crete, Greece, June 17\u201320, 2022<\/li><\/ul><p><strong style=\"font-size: 28px\">2021<\/strong><\/p><hr \/><ul><li>\u201c<a>17th IFIP WG 12.5 International Conference, AIAI 2021<\/a>\u201d Hersonissos, Crete, Greece, June 25\u201327, 2021<\/li><li>\u201c<a>AIAI 2021 IFIP WG 12.5 International Workshops 5G-PINE 2021, AI-BIO 2021, DAAI 2021, DARE 2021, EEAI 2021, and MHDW 2021<\/a>\u201d Hersonissos, Crete, Greece, June 25\u201327, 2021<\/li><\/ul><p><strong style=\"font-size: 28px\">2020<\/strong><\/p><hr \/><ul><li>\u201c<a>16th IFIP WG 12.5 International Conference, AIAI 2020<\/a>\u201d Neos Marmaras, Greece, June 5\u20137, 2020<\/li><li>\u201c<a>AIAI 2020 IFIP WG 12.5 International Workshops MHDW 2020 and 5G-PINE 2020<\/a>\u201d Neos Marmaras, Greece, June 5\u20137, 2020<\/li><\/ul><p><strong style=\"font-size: 28px\">2019<\/strong><\/p><hr \/><ul><li>\u201c<a>15th IFIP WG 12.5 International Conference, AIAI 2019<\/a>\u201d Hersonissos, Crete, Greece, May 24\u201326, 2019<\/li><li>\u201c<a>AIAI 2019 IFIP WG 12.5 International Workshops: MHDW and 5G-PINE 2019<\/a>\u201d Hersonissos, Crete, Greece, May 24\u201326, 2019<\/li><\/ul><p><strong style=\"font-size: 28px\">2018<\/strong><\/p><hr \/><ul><li>\u201c<a>14th IFIP WG 12.5 International Conference, AIAI 2018<\/a>\u201d Rhodes, Greece, May 25\u201327, 2018<\/li><li>\u201c<a>AIAI 2018 IFIP WG 12.5 International Workshops, SEDSEAL, 5G-PINE, MHDW, and HEALTHIOT<\/a>\u201d Rhodes, Greece, May 25-27, 2018<\/li><\/ul><p><strong style=\"font-size: 28px\">2016<\/strong><\/p><hr \/><ul><li>\u201c<a>12th IFIP WG 12.5 International Conference and Workshops, AIAI 2016<\/a>\u201d Thessaloniki, Greece, September 16\u201318, 2016.<\/li><\/ul><p><strong style=\"font-size: 28px\">2015<\/strong><\/p><hr \/><ul><li>\u201c<a>11th IFIPWG12.5 International Conference, AIAI 2015<\/a>\u201d Bayonne, France, September 14\u201317, 2015<\/li><\/ul><p><strong style=\"font-size: 28px\">2014<\/strong><\/p><hr \/><ul><li>\u201c<a>10th IFIP WG 12.5 International Conference, AIAI 2014<\/a>\u201d Rhodes, Greece, September 19-21, 2014<\/li><li>\u201c<a>AIAI 2014Workshops:CoPA,MHDW, IIVC, and MT4BD<\/a>\u201d Rhodes, Greece, September 19-21, 2014<\/li><\/ul><p><strong style=\"font-size: 28px\">2013<\/strong><\/p><hr \/><ul><li>\u201c<a>9th IFIP WG 12.5 International Conference, AIAI 2013<\/a>\u201d Paphos, Cyprus, September 30-October 2, 2013<\/li><\/ul><hr \/><h3><\/h3><p><strong style=\"font-size: 28px\">2012<\/strong><\/p><hr \/><ul><li>\u201c<a>8th IFIP WG 12.5 International Conference, AIAI 2012<\/a>\u201d Halkidiki, Greece, September 27-30, 2012<\/li><li>\u201c<a>AIAI 2012 International Workshops: AIAB, AIeIA, CISE, COPA, IIVC, ISQL, MHDW, and WADTMB<\/a>\u201d Halkidiki, Greece, September 27-30, 2012<\/li><\/ul><hr \/><h3><\/h3><p><strong style=\"font-size: 28px\">2011<\/strong><\/p><hr \/><ul><li>\u201c<a>12th International Conference, EANN 2011 and 7th IFIP WG 12.5 International Conference, AIAI 2011<\/a>\u201d Corfu, Greece, September 15-18, 2011<\/li><\/ul><hr \/><h3><\/h3><p><strong style=\"font-size: 28px\">2010<\/strong><\/p><hr \/><ul><li>\u201c<a>6th IFIP WG 12.5 International Conference, AIAI 2010<\/a>\u201d Larnaca, Cyprus, October 6-7, 2010<\/li><\/ul><hr \/><h3><\/h3><p><strong style=\"font-size: 28px\">2009<\/strong><\/p><hr \/><ul><li>\u201c<a href=\"http:\/\/delab.csd.auth.gr\/aiai2009\/\" rel=\"external\">5th IFIP International Conference on Artificial Intelligence Applications &amp; Innovations (AIAI 2009)<\/a>\u201d Thessaloniki, Greece, from April 23 to April 25, 2009<\/li><\/ul><hr \/><h3><\/h3><p><strong style=\"font-size: 28px\">2008<\/strong><\/p><hr \/><ul><li><a>5th IFIP International Conference on Intelligent Information Processing (IIP2008)<\/a>, Bejing, China, from October 19 to October 22, 2008<\/li><li><a>2nd IFIP International Conference on Computer and Computing Technologies in Agriculture (CCTA2008)<\/a>, Bejing, China, from October 18 to October 20, 2008<\/li><li><a>IFIP AI 2008: Artificial Intelligence in Theory and Practice<\/a>, Milano, Italy, from September 7 to September 10, 2008<\/li><li><a>Knowledge 2008 (Znalosti 2008)<\/a>, Bratislava, from February 13 to February 15, 2008<\/li><\/ul><hr \/><h3><\/h3><p><strong style=\"font-size: 28px\">2007<\/strong><\/p><hr \/><ul><li><a>4th IFIP Conference on Artificial Intelligence Applications and Innovations (AIAI 2007)<\/a>, Athens, Greece, from September 19 to September 21, 2007<\/li><\/ul><hr \/><h3><\/h3><p><strong style=\"font-size: 28px\">2006<\/strong><\/p><hr \/><ul><li><a>3rd IFIP International Conference on Intelligent Information Processing ICIIP2006<\/a>, Adelaide, Australia, September 20 &#8211; 23, 2006<\/li><li><a>IFIP Conference on &#8220;Artificial Intelligence&#8221; (IFIP AI 2006)<\/a><span>\u00a0<\/span>as part of the World Computer Congress WCC 2006, Santiago, Chile, August 12 &#8211; 24, 2006<\/li><li><a>3rd IFIP Conference on Artificial Intelligence Applications and Innovations (AIAI 2006)<\/a><span>\u00a0<\/span>Athens, Greece from June 7 to June 9, 2006.<\/li><\/ul><hr \/><h3><\/h3><p><strong style=\"font-size: 28px\">2005<\/strong><\/p><hr \/><ul><li><a>1st IFIP International Workshop on Web Semantics (SWWS&#8217;05)<\/a><span>\u00a0<\/span>Agia Napa, Cyprus, October 31st &#8211; November 4th 2005<\/li><li><a>2nd IFIP Conference on \u201cArtificial Intelligence Applications and Innovations\u201d<\/a><span>\u00a0<\/span>Beijing,China,September 7-9, 2005<\/li><li><a>1st International IFIP\/WG12.5 Working Conference on Industrial Applications of Semantic Web<\/a><span>\u00a0<\/span>University of Jyv\u00e4skyl\u00e4, Jyv\u00e4skyl\u00e4, Finland, August 25-28, 2005<\/li><li><a>7th Agent Systems Summer School<\/a>, Utrecht, the Netherlands, 18 &#8211; 22 July 2005<\/li><li><a>International Conference on Data Mining and Machine Learning MLDM\u20192005<\/a><span>\u00a0<\/span>July, 9-11, 2005 Leipzig, Germany<\/li><li><a>International and Interdisciplinary Conference on Adaptive Knowledge Representation and Reasoning AKRR&#8217;05<\/a><span>\u00a0<\/span>June 15-17, Espoo, Finland<\/li><li><a>UK KDD Colloquium<\/a>, Wednesday 6 April 2005 The University of Liverpool, UK<\/li><\/ul><hr \/><hr \/><h3><\/h3><p><strong style=\"font-size: 28px\">2004<\/strong><\/p><ul><li><a>\u201cAIAI 2004 1st IFIP Conference on Artificial Intelligence Applications and Innovations\u201d<\/a><span>\u00a0<\/span>within IFIP World Computer Congress (WCC2004) Toulouse France August, 22-27, 2004.<\/li><li><a>\u201cNeuKnow&#8217;2003 The 2003 Neurocomputing Colloquium and Workshop<\/a>\u201d 20 and 21 November, 2003, AUT Technology Park, Auckland, New Zealand<\/li><\/ul><hr \/><h3><\/h3><p><strong style=\"font-size: 28px\">2003<\/strong><\/p><hr \/><ul><li><a>\u201c8th UK CBR Workshop\u201d<\/a><span>\u00a0<\/span>A workshop as part of The Twenty-third SGAI International Conference on Innovative Techniques and Applications of Artificial Intelligence Peterhouse College, Cambridge, UK 15th-17th December 2003.<\/li><li><a>Smart eBusiness Workshop<\/a><span>\u00a0<\/span>within IICAI 2003 (Hyderabad, India)<\/li><\/ul><hr \/><h3><\/h3><p><strong style=\"font-size: 28px\">2002<\/strong><\/p><hr \/><ul><li><a>IIP-2002<\/a><span>\u00a0<\/span>within IFIP WCC 2002 (Montreal)<\/li><\/ul><hr \/><h3><\/h3><p><strong style=\"font-size: 28px\">2001<\/strong><\/p><hr \/><ul><li><a>KBCS2000<\/a><span>\u00a0<\/span>: December 18-19, 2000 : Mumbai, India<\/li><li><a>IIP-2000<\/a> within IFIP WCC 2000 (Beijing)<\/li><\/ul><hr \/><h3><\/h3><p><strong style=\"font-size: 28px\">1998<\/strong><\/p><hr \/><ul><li><a>IT&amp;KNOWS<\/a> within IFIP WCC 1998 (Vienna and Budapest)<\/li><\/ul>\t\t\t\t\t\t<\/div>\n\t\t\t\t<\/div>\n\t\t\t\t\t<\/div>\n\t\t<\/div>\n\t\t\t\t\t<\/div>\n\t\t<\/section>\n\t\t\t\t<\/div>\n\t\t","protected":false},"excerpt":{"rendered":"<p>\/*! elementor &#8211; v3.5.4 &#8211; 23-01-2022 *\/ .elementor-heading-title{padding:0;margin:0;line-height:1}.elementor-widget-heading .elementor-heading-title[class*=elementor-size-]&gt;a{color:inherit;font-size:inherit;line-height:inherit}.elementor-widget-heading .elementor-heading-title.elementor-size-small{font-size:15px}.elementor-widget-heading .elementor-heading-title.elementor-size-medium{font-size:19px}.elementor-widget-heading .elementor-heading-title.elementor-size-large{font-size:29px}.elementor-widget-heading .elementor-heading-title.elementor-size-xl{font-size:39px}.elementor-widget-heading .elementor-heading-title.elementor-size-xxl{font-size:59px} Past Events \/*! elementor &#8211; v3.5.4 &#8211; 23-01-2022 *\/ .elementor-widget-divider{&#8211;divider-border-style:none;&#8211;divider-border-width:1px;&#8211;divider-color:#2c2c2c;&#8211;divider-icon-size:20px;&#8211;divider-element-spacing:10px;&#8211;divider-pattern-height:24px;&#8211;divider-pattern-size:20px;&#8211;divider-pattern-url:none;&#8211;divider-pattern-repeat:repeat-x}.elementor-widget-divider .elementor-divider{display:-webkit-box;display:-ms-flexbox;display:flex}.elementor-widget-divider .elementor-divider__text{font-size:15px;line-height:1;max-width:95%}.elementor-widget-divider .elementor-divider__element{margin:0 var(&#8211;divider-element-spacing);-ms-flex-negative:0;flex-shrink:0}.elementor-widget-divider .elementor-icon{font-size:var(&#8211;divider-icon-size)}.elementor-widget-divider .elementor-divider-separator{display:-webkit-box;display:-ms-flexbox;display:flex;margin:0;direction:ltr}.elementor-widget-divider&#8211;view-line_icon .elementor-divider-separator,.elementor-widget-divider&#8211;view-line_text .elementor-divider-separator{-webkit-box-align:center;-ms-flex-align:center;align-items:center}.elementor-widget-divider&#8211;view-line_icon .elementor-divider-separator:after,.elementor-widget-divider&#8211;view-line_icon .elementor-divider-separator:before,.elementor-widget-divider&#8211;view-line_text .elementor-divider-separator:after,.elementor-widget-divider&#8211;view-line_text .elementor-divider-separator:before{display:block;content:&#8221;&#8221;;border-bottom:0;-webkit-box-flex:1;-ms-flex-positive:1;flex-grow:1;border-top:var(&#8211;divider-border-width) var(&#8211;divider-border-style) var(&#8211;divider-color)}.elementor-widget-divider&#8211;element-align-left .elementor-divider .elementor-divider-separator&gt;.elementor-divider__svg:first-of-type{-webkit-box-flex:0;-ms-flex-positive:0;flex-grow:0;-ms-flex-negative:100;flex-shrink:100}.elementor-widget-divider&#8211;element-align-left .elementor-divider-separator:before{content:none}.elementor-widget-divider&#8211;element-align-left .elementor-divider__element{margin-left:0}.elementor-widget-divider&#8211;element-align-right .elementor-divider .elementor-divider-separator&gt;.elementor-divider__svg:last-of-type{-webkit-box-flex:0;-ms-flex-positive:0;flex-grow:0;-ms-flex-negative:100;flex-shrink:100}.elementor-widget-divider&#8211;element-align-right .elementor-divider-separator:after{content:none}.elementor-widget-divider&#8211;element-align-right .elementor-divider__element{margin-right:0}.elementor-widget-divider:not(.elementor-widget-divider&#8211;view-line_text):not(.elementor-widget-divider&#8211;view-line_icon) .elementor-divider-separator{border-top:var(&#8211;divider-border-width) var(&#8211;divider-border-style) var(&#8211;divider-color)}.elementor-widget-divider&#8211;separator-type-pattern{&#8211;divider-border-style:none}.elementor-widget-divider&#8211;separator-type-pattern.elementor-widget-divider&#8211;view-line .elementor-divider-separator,.elementor-widget-divider&#8211;separator-type-pattern:not(.elementor-widget-divider&#8211;view-line) [&hellip;]<\/p>\n","protected":false},"author":3,"featured_media":0,"parent":0,"menu_order":0,"comment_status":"closed","ping_status":"closed","template":"page-templates\/template-pagebuilder-full-width.php","meta":{"footnotes":""},"_links":{"self":[{"href":"https:\/\/ifipaiai.org\/wg125\/wp-json\/wp\/v2\/pages\/24"}],"collection":[{"href":"https:\/\/ifipaiai.org\/wg125\/wp-json\/wp\/v2\/pages"}],"about":[{"href":"https:\/\/ifipaiai.org\/wg125\/wp-json\/wp\/v2\/types\/page"}],"author":[{"embeddable":true,"href":"https:\/\/ifipaiai.org\/wg125\/wp-json\/wp\/v2\/users\/3"}],"replies":[{"embeddable":true,"href":"https:\/\/ifipaiai.org\/wg125\/wp-json\/wp\/v2\/comments?post=24"}],"version-history":[{"count":49,"href":"https:\/\/ifipaiai.org\/wg125\/wp-json\/wp\/v2\/pages\/24\/revisions"}],"predecessor-version":[{"id":442,"href":"https:\/\/ifipaiai.org\/wg125\/wp-json\/wp\/v2\/pages\/24\/revisions\/442"}],"wp:attachment":[{"href":"https:\/\/ifipaiai.org\/wg125\/wp-json\/wp\/v2\/media?parent=24"}],"curies":[{"name":"wp","href":"https:\/\/api.w.org\/{rel}","templated":true}]}}